{"id":5015,"date":"2018-06-04T08:54:16","date_gmt":"2018-06-04T08:54:16","guid":{"rendered":"https:\/\/eugenvarzic.com\/?page_id=5015"},"modified":"2022-08-18T16:41:41","modified_gmt":"2022-08-18T16:41:41","slug":"polica-privatnosti","status":"publish","type":"page","link":"https:\/\/eugenvarzic.com\/hr\/polica-privatnosti\/","title":{"rendered":"Polica privatnosti"},"content":{"rendered":"<p>Tko smo mi<\/p>\n<p>Adresa na\u0161e web stranice je: https:\/\/eugenvarzic.com.<\/p>\n<p>Koje osobne podatke prikupljamo i za\u0161to<\/p>\n<p>Komentari<\/p>\n<p>Kada posjetitelji napi\u0161u komentar na web stranici, prikupljamo informacije prikazane u obliku komentara, kao i IP adresu posjetitelja, kao i niz korisni\u010dkog agenta preglednika kako bismo lak\u0161e otkrili ne\u017eeljenu po\u0161tu.<\/p>\n<p>Mogu\u0107e je da je anonimizirani niz kreiran iz va\u0161e adrese e-po\u0161te (tako\u0111er nazvan hash) poslan servisu Gravatar kako bi se potvrdilo da ga koristite. Politika privatnosti usluge Gravatar dostupna je ovdje: https:\/\/automattic.com\/privacy\/. Nakon \u0161to je va\u0161 komentar odobren, va\u0161a profilna slika je javno vidljiva u kontekstu va\u0161eg komentara.<\/p>\n<p>Mediji<\/p>\n<p>Ako u\u010ditavate sliku na web stranicu, trebali biste izbjegavati u\u010ditavanje slika koje imaju ugra\u0111ene informacije o lokaciji (EXIF GPS). Posjetitelji web stranice mogu ih preuzeti i izdvojiti bilo koju informaciju o lokaciji iz slika na web stranici.<\/p>\n<p>Kontakt forme<\/p>\n<p>kola\u010di\u0107i<\/p>\n<p>Ako napi\u0161ete komentar na na\u0161oj web stranici, mo\u017eete odabrati da svoje ime, adresu e-po\u0161te i web stranicu spremite u kola\u010di\u0107e. Ovo je kako bismo vam olak\u0161ali ponovno komentiranje, tako da ne morate ponovno unositi te podatke. Ovi kola\u010di\u0107i traju godinu dana.<\/p>\n<p>Ako imate ra\u010dun i prijavite se na ovu web stranicu, postavit \u0107emo privremeni kola\u010di\u0107 kako bismo utvrdili prihva\u0107a li va\u0161 preglednik kola\u010di\u0107e. Ovaj kola\u010di\u0107 ne sadr\u017ei osobne podatke i bri\u0161e se kada isklju\u010dite preglednik.<\/p>\n<p>Kada se prijavite, tako\u0111er \u0107emo postaviti nekoliko kola\u010di\u0107a za spremanje va\u0161ih podataka za prijavu i postavki va\u0161eg zaslona. Kola\u010di\u0107i za prijavu traju dva dana, a kola\u010di\u0107i postavki prikaza traju godinu dana. Ako odaberete &#8220;Zapamti me&#8221;, va\u0161a \u0107e prijava trajati dva tjedna. Ako se odjavite sa svog ra\u010duna, va\u0161i kola\u010di\u0107i za prijavu bit \u0107e uklonjeni.<\/p>\n<p>Ako uredite ili objavite \u010dlanak, dodatni kola\u010di\u0107 \u0107e se spremiti u va\u0161 preglednik. Ovaj kola\u010di\u0107 ne sadr\u017ei osobne podatke i samo ozna\u010dava ID objave \u010dlanka koji ste upravo uredili. Kola\u010di\u0107 isti\u010de nakon 1 dana.<\/p>\n<p>Ugra\u0111eni sadr\u017eaj s drugih web stranica<\/p>\n<p>\u010clanci na ovoj web stranici mogu sadr\u017eavati ugra\u0111eni sadr\u017eaj (npr. videozapise, slike, \u010dlanke itd.). Ugra\u0111eni sadr\u017eaj s drugih web stranica pona\u0161a se jednako kao da je posjetitelj posjetio tu drugu web stranicu.<\/p>\n<p>Ove web stranice mogu prikupljati informacije o vama, koristiti kola\u010di\u0107e, imati ugra\u0111eno dodatno pra\u0107enje tre\u0107e strane i pratiti va\u0161u interakciju s tim ugra\u0111enim sadr\u017eajem, uklju\u010duju\u0107i pra\u0107enje va\u0161e interakcije s ugra\u0111enim sadr\u017eajem ako imate ra\u010dun i prijavljeni ste na web mjesto.<\/p>\n<p>Analitika<\/p>\n<p>S kime dijelimo va\u0161e podatke<\/p>\n<p>Koliko dugo \u010duvamo va\u0161e podatke<\/p>\n<p>Ako napi\u0161ete komentar, komentar i njegovi metapodaci spremaju se zauvijek. To je zato da mo\u017eemo automatski prepoznati i odobriti budu\u0107e komentare, umjesto da ih dr\u017eimo da \u010dekaju na odobrenje.<\/p>\n<p>Za korisnike koji se registriraju na na\u0161oj web stranici (ako postoje), tako\u0111er pohranjujemo osobne podatke koje daju u svojim korisni\u010dkim profilima. Svi korisnici mogu pregledavati, ure\u0111ivati \u200b\u200bili brisati svoje osobne podatke u bilo kojem trenutku, osim \u0161to ne smiju promijeniti va\u0161e korisni\u010dko ime). Administratori web stranice tako\u0111er mogu pregledavati i ure\u0111ivati \u200b\u200bove podatke.<\/p>\n<p>Koja prava imate nad svojim podacima<\/p>\n<p>Ako imate ra\u010dun na ovoj web stranici ili ste napisali komentare, mo\u017eete zatra\u017eiti izvoznu datoteku osobnih podataka koje imamo o vama, uklju\u010duju\u0107i sve informacije koje nam dostavite. Tako\u0111er mo\u017eete zatra\u017eiti brisanje svih osobnih podataka koje imamo o vama. To ne uklju\u010duje nikakve podatke koje moramo \u010duvati u administrativne, pravne ili sigurnosne svrhe.<\/p>\n<p>Gdje \u0161aljemo va\u0161e podatke<\/p>\n<p>Komentari posjetitelja mogu se provjeriti putem automatizirane usluge otkrivanja ne\u017eeljene po\u0161te.<\/p>\n<p>Va\u0161e kontakt informacije<\/p>\n<p>Dodatne informacije<\/p>\n<p>Kako \u0161titimo va\u0161e podatke<\/p>\n<p>Koje postupke imamo pripremljene u slu\u010daju povrede podataka<\/p>\n<p>Od kojih tre\u0107ih strana primamo podatke<\/p>\n<p>Koje automatsko dono\u0161enje odluka i\/ili profiliranje radimo s korisni\u010dkim podacima<\/p>\n<p>Uvjeti objave industrijskih propisa<\/p>\n","protected":false},"excerpt":{"rendered":"<p>Tko smo mi Adresa na\u0161e web stranice je: https:\/\/eugenvarzic.com. Koje osobne podatke prikupljamo i za\u0161to Komentari Kada posjetitelji napi\u0161u komentar na web stranici, prikupljamo informacije &hellip;<\/p>\n","protected":false},"author":1,"featured_media":0,"parent":0,"menu_order":0,"comment_status":"closed","ping_status":"closed","template":"","meta":{"advanced_seo_description":"","jetpack_seo_html_title":"","jetpack_seo_noindex":false,"jetpack_post_was_ever_published":false,"footnotes":""},"class_list":["post-5015","page","type-page","status-publish","hentry"],"translation":{"provider":"WPGlobus","version":"3.0.2","language":"hr","enabled_languages":["en","hr"],"languages":{"en":{"title":true,"content":true,"excerpt":false},"hr":{"title":true,"content":true,"excerpt":false}}},"jetpack_sharing_enabled":true,"_links":{"self":[{"href":"https:\/\/eugenvarzic.com\/hr\/wp-json\/wp\/v2\/pages\/5015","targetHints":{"allow":["GET"]}}],"collection":[{"href":"https:\/\/eugenvarzic.com\/hr\/wp-json\/wp\/v2\/pages"}],"about":[{"href":"https:\/\/eugenvarzic.com\/hr\/wp-json\/wp\/v2\/types\/page"}],"author":[{"embeddable":true,"href":"https:\/\/eugenvarzic.com\/hr\/wp-json\/wp\/v2\/users\/1"}],"replies":[{"embeddable":true,"href":"https:\/\/eugenvarzic.com\/hr\/wp-json\/wp\/v2\/comments?post=5015"}],"version-history":[{"count":3,"href":"https:\/\/eugenvarzic.com\/hr\/wp-json\/wp\/v2\/pages\/5015\/revisions"}],"predecessor-version":[{"id":7587,"href":"https:\/\/eugenvarzic.com\/hr\/wp-json\/wp\/v2\/pages\/5015\/revisions\/7587"}],"wp:attachment":[{"href":"https:\/\/eugenvarzic.com\/hr\/wp-json\/wp\/v2\/media?parent=5015"}],"curies":[{"name":"wp","href":"https:\/\/api.w.org\/{rel}","templated":true}]}}