{"id":4790,"date":"2017-12-24T16:00:35","date_gmt":"2017-12-24T16:00:35","guid":{"rendered":"https:\/\/eugenvarzic.com\/?page_id=4790"},"modified":"2024-09-04T08:43:34","modified_gmt":"2024-09-04T08:43:34","slug":"upoznajte-umjetnost-2","status":"publish","type":"page","link":"https:\/\/eugenvarzic.com\/hr\/","title":{"rendered":"Upoznajte umjetnost"},"content":{"rendered":"\n\n\n<p>Slikam \u017eivot. Moj fokus uvijek je bio na figuraciji, na realizmu. Svaki dan je nova pri\u010da, novi izazov, nova borba. Kao motiv biram ljude oko sebe. Od ranih dana zaljubljen sam u radove starih majstora i njihove vje\u0161tine i tehnike. Kad se osvrnem unatrag, shvatim da sam se mo\u017eda usredoto\u010dio na realizam jer je to bilo najbli\u017ee rje\u0161enje ideji stvaranja ne\u010deg druga\u010dijeg, ne\u010dega \u0161to drugi nisu mogli ili se ne bi usudili. To je bio na\u010din da izazovem sebe. Proveo sam kratko vrijeme usavr\u0161avaju\u0107i tehniku \u200b\u200bi procese koji stoje iza stvaranja umjetni\u010dkog djela, a ne na samu umjetnost.<br>Oti\u0161ao sam dalje na poruku, na psiholo\u0161ke, moralne i eti\u010dke vrijednosti koje bih \u017eelio zastupati, na unutarnje borbe koje modeli mogu u sebi nositi. Na mojim slikama se vidi proces kakav jest, sirov i nefiltriran, nesavr\u0161en. Vidljiv je trag kista, moje prisustvo na slici, i to ih odvaja od sfere hiper realnog. Kad sam po\u010deo raditi na tome i razmi\u0161ljati o tome, shvatio sam da \u0107e to biti princip rada &#8220;ne uzimaj zarobljenika&#8221;. I\u0161ao sam raditi i u\u010diti s najboljima na svijetu, ostvarivao zna\u010dajne pomake i kontakte.<br>Moji uzori i u\u010ditelji razlikuju se od sredine u kojoj \u017eivim i stvaram. Osje\u0107aj je bio fantasti\u010dan i davao mi je snage za jo\u0161 vi\u0161e i bolje stvari. I \u0161to je najva\u017enije &#8211; dao mi je osje\u0107aj da je sve mogu\u0107e. \u017delim raditi ne\u0161to \u0161to se rijetko radi u umjetnosti. Ne\u0161to \u0161to promatra\u010da ostavlja izvan njihove zone udobnosti, kad stoji ispred mojih likovnih radova i tjera ih da pitaju je li ono \u0161to pro\u017eivljava zapravo mogu\u0107e. Tu poku\u0161avam pre\u017eivjeti i stvarati. Ova ideja me dr\u017ei, iako moram priznati da to nije lako.<br>Gotovo svaki dan postavljam si brojna pitanja, na koja postoji jedini odgovor: stvaranje. Ovaj svakodnevni ritual daje mi razlog za \u017eivot. Ritual stalnog u\u010denja, mijenjanja, odabira najte\u017eeg puta, neprestanog postavljanja pitanja, bistre glave i vjere. Moje slike su poput naslikanih dnevnika koji mi govore kada sam bio sretan, kad sam se bojao, kad sam slikao hipnoti\u010dki \u2026 kad sam bio gladan.<br>Za mene je slikanje poput disanja.<\/p>\n\n\n","protected":false},"excerpt":{"rendered":"<p>Slikam \u017eivot. Moj fokus uvijek je bio na figuraciji, na realizmu. Svaki dan je nova pri\u010da, novi izazov, nova borba. Kao motiv biram ljude oko &hellip;<\/p>\n","protected":false},"author":1,"featured_media":9831,"parent":0,"menu_order":0,"comment_status":"closed","ping_status":"closed","template":"","meta":{"advanced_seo_description":"","jetpack_seo_html_title":"","jetpack_seo_noindex":false,"jetpack_post_was_ever_published":false,"footnotes":""},"class_list":["post-4790","page","type-page","status-publish","has-post-thumbnail","hentry"],"translation":{"provider":"WPGlobus","version":"3.0.2","language":"hr","enabled_languages":["en","hr"],"languages":{"en":{"title":true,"content":true,"excerpt":false},"hr":{"title":true,"content":true,"excerpt":false}}},"jetpack_sharing_enabled":true,"_links":{"self":[{"href":"https:\/\/eugenvarzic.com\/hr\/wp-json\/wp\/v2\/pages\/4790","targetHints":{"allow":["GET"]}}],"collection":[{"href":"https:\/\/eugenvarzic.com\/hr\/wp-json\/wp\/v2\/pages"}],"about":[{"href":"https:\/\/eugenvarzic.com\/hr\/wp-json\/wp\/v2\/types\/page"}],"author":[{"embeddable":true,"href":"https:\/\/eugenvarzic.com\/hr\/wp-json\/wp\/v2\/users\/1"}],"replies":[{"embeddable":true,"href":"https:\/\/eugenvarzic.com\/hr\/wp-json\/wp\/v2\/comments?post=4790"}],"version-history":[{"count":49,"href":"https:\/\/eugenvarzic.com\/hr\/wp-json\/wp\/v2\/pages\/4790\/revisions"}],"predecessor-version":[{"id":9834,"href":"https:\/\/eugenvarzic.com\/hr\/wp-json\/wp\/v2\/pages\/4790\/revisions\/9834"}],"wp:featuredmedia":[{"embeddable":true,"href":"https:\/\/eugenvarzic.com\/hr\/wp-json\/wp\/v2\/media\/9831"}],"wp:attachment":[{"href":"https:\/\/eugenvarzic.com\/hr\/wp-json\/wp\/v2\/media?parent=4790"}],"curies":[{"name":"wp","href":"https:\/\/api.w.org\/{rel}","templated":true}]}}