{"id":3825,"date":"2017-03-12T13:05:39","date_gmt":"2017-03-12T13:05:39","guid":{"rendered":"https:\/\/eugenvarzic.com\/?page_id=3825"},"modified":"2024-07-17T10:46:59","modified_gmt":"2024-07-17T10:46:59","slug":"likovne-radionice","status":"publish","type":"page","link":"https:\/\/eugenvarzic.com\/hr\/likovne-radionice\/","title":{"rendered":"\ud83d\udce3 \u010cetverodnevni te\u010daj slikanja s Eugenom Varzi\u0107em u Pore\u010du! \ud83c\udfa8"},"content":{"rendered":"\n<p>Pozivamo sve odrasle osobe, amatere, slikare, studente i ljubitelje umjetnosti na jedinstveni te\u010daj slikanja koji \u0107e odr\u017eati priznati likovni umjetnik Eugen Varzi\u0107! \ud83c\udf1f<\/p>\n\n\n\n<p>\ud83d\udcc5 Datum: 15. &#8211; 18.08.<\/p>\n\n\n\n<p>\ud83d\udccd Lokacija: Pionirska 1, Pore\u010d<\/p>\n\n\n\n<p><strong>O te\u010daju:<\/strong><\/p>\n\n\n\n<p>Te\u010daj je namijenjen svima koji \u017eele nau\u010diti stvarati slike iz fotografskih referenci koriste\u0107i indirektne i direktne tehnike slikanja. Nau\u010dit \u0107ete kako fotografiju pretvoriti u sliku koja nadilazi samu fotografiju, hvataju\u0107i bit subjekta. Va\u017eno je iskustvo koje stje\u010dete kroz 4 dana zajedni\u010dkog rada, bez pritiska na neposredni rezultat. Nije potreban minimalni nivo, samo dobra volja za rad i u\u010denje.<\/p>\n\n\n\n<p><strong>Raspored:<\/strong><\/p>\n\n\n\n<ul class=\"wp-block-list\">\n<li>Jutarnji termin: 10:00 &#8211; 14:00<\/li>\n\n\n\n<li>Pauza za ru\u010dak: 14:00 &#8211; 16:00<\/li>\n\n\n\n<li>Popodnevni termin: 16:00 &#8211; 19:00<\/li>\n<\/ul>\n\n\n\n<p><strong>Cijena te\u010daja :<\/strong> 600 EUR <\/p>\n\n\n\n<p><strong>Program:<\/strong><\/p>\n\n\n\n<p><strong>Dan 1:<\/strong><\/p>\n\n\n\n<ul class=\"wp-block-list\">\n<li>Kratki uvod o te\u010daju<\/li>\n\n\n\n<li>Preno\u0161enje fotografije na bijelo platno<\/li>\n\n\n\n<li>Pregled onoga \u0161to \u010dini dobru foto referencu<\/li>\n\n\n\n<li>Mije\u0161anje boja, priprema palete kroz demonstraciju<\/li>\n\n\n\n<li>Rasprava i demonstracija procesa<\/li>\n\n\n\n<li>Po\u010detak rada na vlastitim platnima<\/li>\n\n\n\n<li>Mentorstvo svakom studentu<\/li>\n<\/ul>\n\n\n\n<p><strong>Dan 2:<\/strong><\/p>\n\n\n\n<ul class=\"wp-block-list\">\n<li>Nastavak rada i demonstracija s drugim dijelom fotografije<\/li>\n\n\n\n<li>Progresija boja\/odnosi boja<\/li>\n\n\n\n<li>Savjeti i preporuke<\/li>\n<\/ul>\n\n\n\n<p><strong>Dan 3:<\/strong><\/p>\n\n\n\n<ul class=\"wp-block-list\">\n<li>Nastavak rada i demonstracija s drugim dijelom fotografije<\/li>\n\n\n\n<li>Progresija boja\/odnosi boja<\/li>\n\n\n\n<li>Savjeti i preporuke<\/li>\n<\/ul>\n\n\n\n<p><strong>Dan 4:<\/strong><\/p>\n\n\n\n<ul class=\"wp-block-list\">\n<li>Proces lazuriranja<\/li>\n\n\n\n<li>Briga o odnosima boja i istra\u017eivanje novih tehnika primjene lazuriranja<\/li>\n\n\n\n<li>Zavr\u0161etak radionice<\/li>\n<\/ul>\n\n\n\n<p><strong>Smje\u0161taj:<\/strong><\/p>\n\n\n\n<p>Svi polaznici imaju mogu\u0107nost smje\u0161taja na maksimalno 10 minuta hoda od lokacije odr\u017eavanja te\u010daja, u Valamarovim objektima u centru grada, mogu\u0107nost parkinga. Sve informacije mo\u017eete prona\u0107i na linku: <a href=\"https:\/\/www.valamar.com\/hr\/hoteli-porec\/valamar-riviera-hotel-residence\">https:\/\/www.valamar.com\/hr\/hoteli-porec\/valamar-riviera-hotel-residence<\/a><\/p>\n\n\n\n<p>U neposrednoj blizini lokacije nalaze se razni restorani: od azijske hrane &#8220;Umi Asian Street Food\u201d, do ribljih jela \u201cTunaholic\u201d pa sve do pizze i tjestenine \u201cDali\u201d i \u201cDa Olio\u201d . U blizini se zaista nalazi jo\u0161 bezbroj restorana koji nude opciju za svaki ukus.&nbsp;&nbsp;<\/p>\n\n\n\n<p><strong>Napomene:<\/strong><\/p>\n\n\n\n<ul class=\"wp-block-list\">\n<li>Nije dopu\u0161teno kori\u0161tenje mobilnih telefona tijekom demonstracija i slikanja. Fotografiranje vlastitih radova i studija dozvoljeno je samo tijekom pauza.<\/li>\n\n\n\n<li>Pla\u0107anje te\u010daja obavlja se prije dolaska, najkasnije u jutarnjoj sesiji prvog dana.<\/li>\n<\/ul>\n\n\n\n<p><strong>Materijali:<\/strong><\/p>\n\n\n\n<p>Materijali i demonstracijska fotografija su osigurani. Mo\u017eete donijeti svoje kistove ako \u017eelite. Stalci i stolovi su osigurani.<\/p>\n\n\n\n<p>Pridru\u017eite nam se i istra\u017eite svoj umjetni\u010dki potencijal s Eugenom Varzi\u0107em! \ud83c\udfa8\u2728<\/p>\n\n\n\n<p>Sve najbolje i vidimo se u Pore\u010du!<\/p>\n\n\n\n<p>\ud83d\udd17 <strong>Prijave i dodatne informacije<\/strong> <a href=\"mailto:workshop@eugenvarzic.com\">workshop@eugenvarzic.com<\/a><\/p>\n","protected":false},"excerpt":{"rendered":"<p>Pozivaju se odrasli, amateri, studenti i ljubitelji umjetnosti na te\u010daj slikanja s Eugenom Varzi\u0107em u Pore\u010du, od 15. do 18.8., gdje \u0107e nau\u010diti transformirati fotografije u slike. Kurs uklju\u010duje dnevne sesije, mentorstvo i smje\u0161taj u blizini. Cijena je 600 EUR, materijali osigurani. Prijave na workshop@eugenvarzic.com.<\/p>\n","protected":false},"author":1,"featured_media":7696,"parent":0,"menu_order":0,"comment_status":"closed","ping_status":"closed","template":"","meta":{"advanced_seo_description":"","jetpack_seo_html_title":"","jetpack_seo_noindex":false,"jetpack_post_was_ever_published":false,"footnotes":""},"class_list":["post-3825","page","type-page","status-publish","has-post-thumbnail","hentry"],"translation":{"provider":"WPGlobus","version":"3.0.2","language":"hr","enabled_languages":["en","hr"],"languages":{"en":{"title":true,"content":true,"excerpt":true},"hr":{"title":true,"content":true,"excerpt":true}}},"jetpack_sharing_enabled":true,"_links":{"self":[{"href":"https:\/\/eugenvarzic.com\/hr\/wp-json\/wp\/v2\/pages\/3825","targetHints":{"allow":["GET"]}}],"collection":[{"href":"https:\/\/eugenvarzic.com\/hr\/wp-json\/wp\/v2\/pages"}],"about":[{"href":"https:\/\/eugenvarzic.com\/hr\/wp-json\/wp\/v2\/types\/page"}],"author":[{"embeddable":true,"href":"https:\/\/eugenvarzic.com\/hr\/wp-json\/wp\/v2\/users\/1"}],"replies":[{"embeddable":true,"href":"https:\/\/eugenvarzic.com\/hr\/wp-json\/wp\/v2\/comments?post=3825"}],"version-history":[{"count":60,"href":"https:\/\/eugenvarzic.com\/hr\/wp-json\/wp\/v2\/pages\/3825\/revisions"}],"predecessor-version":[{"id":9611,"href":"https:\/\/eugenvarzic.com\/hr\/wp-json\/wp\/v2\/pages\/3825\/revisions\/9611"}],"wp:featuredmedia":[{"embeddable":true,"href":"https:\/\/eugenvarzic.com\/hr\/wp-json\/wp\/v2\/media\/7696"}],"wp:attachment":[{"href":"https:\/\/eugenvarzic.com\/hr\/wp-json\/wp\/v2\/media?parent=3825"}],"curies":[{"name":"wp","href":"https:\/\/api.w.org\/{rel}","templated":true}]}}