{"id":2130,"date":"2015-01-06T17:45:34","date_gmt":"2015-01-06T17:45:34","guid":{"rendered":"https:\/\/eugenvarzic.com\/?page_id=2130"},"modified":"2025-09-21T07:11:50","modified_gmt":"2025-09-21T07:11:50","slug":"izlozbe","status":"publish","type":"page","link":"https:\/\/eugenvarzic.com\/hr\/zivotopis\/izlozbe\/","title":{"rendered":"Izlo\u017ebe"},"content":{"rendered":"<div style=\"color: #696969;\">\n<div style=\"color: #696969;\">\n<p><strong>Personal exhibitions<\/strong><\/p>\n<p>2025. Galerija Waldinger, Osijek, Ma de, Hr<\/p>\n<\/div>\n<p>2025. Galerija Gradskog kulturnog sredi\u0161ta, Metkovi\u0107, Ma de, Hr<\/p>\n<p>2024. Galerija Vjekoslav Karas, Karlovac, Ma de, Hr<\/p>\n<p>2024. Kninski muzej, Knin, Ma de, Hr<\/p>\n<p><span style=\"font-size: revert; text-indent: 0em;\">2024. G<\/span><span style=\"font-size: revert; text-indent: 0em;\">alerija svetog Kr\u0161evana, \u0160ibenik, Ma de, Hr<\/span><\/p>\n<div style=\"color: #696969;\">\n<p>2023. Galerija Pet kula, Motovun, Ma de, Hr<\/p>\n<p>2023. Galerija Hermana, Pula, Exit, Hr<\/p>\n<p>2021. Gradska galerija Labin, The End, Hr<\/p>\n<p>2021.\u00a0 Umjetni\u010dka galerija Dubrovnik, Sve su ti slike OK, Hr<\/p>\n<p>2019. Muzej grada Pakraca, Pakrac, Ludus, Hr<\/p>\n<p>2019. Galerija 5 kula, Motovun, Ludus, Hr<\/p>\n<p>2019. GUGSB, Slavonski Brod, Ludus, Hr<\/p>\n<p>2019. Galerija Sv.Kr\u0161evana, \u0160ibenik, Ludus, Hr<\/p>\n<p>2019. Galerija Laval Nugent, Zagreb Ludus, Hr<\/p>\n<p>2018. Galerija Bruketa 2, Rijeka, Summoning, Hr<\/p>\n<p><span lang=\"HR\">2018.<\/span><span lang=\"HR\">Lo\u0161injski muzej, Galerija Fritzi, Mali Lo\u0161inj, Prizivanje, Hr<\/span><\/p>\n<p><span lang=\"HR\">2017.<\/span><span lang=\"HR\">Marktgemeindeamt, St.Mihael bei Bleiburg,\u00a0Summoning, A<\/span><\/p>\n<p><span lang=\"HR\">2014.<\/span>Galerija Fonticus, Gro\u017enjan, Vizualizacije trenutaka, Hr<\/p>\n<p><span lang=\"HR\">2014. Galerija Sebastian, Dubrovnik, NOIR, Hr<\/span><\/p>\n<p><span lang=\"HR\">2014. Galerija Alvona, Labin, NOIR, Hr<\/span><\/p>\n<p><span lang=\"HR\">2014. Galerija Kopjar, Zagreb, NOIR, Hr<\/span><\/p>\n<p><span lang=\"HR\">2014. Galerija Bruketa 2, Rijeka, NOIR, Hr<\/span><\/p>\n<p><span lang=\"HR\">2012.<\/span><span lang=\"HR\">Galerija Zvonimir, Zagreb, Drugi svijet, Hr<\/span><\/p>\n<p><span lang=\"HR\">2012.<\/span><span lang=\"HR\">Istarska sabornica, Pore\u010d, Drugi svijet, Hr<\/span><\/p>\n<p><span lang=\"HR\">2012.<\/span><span lang=\"HR\">Pala\u010da Sponza, Dubrovnik, Drugi svijet, Hr<\/span><\/p>\n<p><span lang=\"HR\">2010.<\/span><span lang=\"HR\">Turisti\u010dki informativni centar, Pula, Weltsmertz, Hr<\/span><\/p>\n<p><span lang=\"HR\">2010.<\/span><span lang=\"HR\">Galerija \u0160kola, <\/span><span lang=\"HR\">Barban; Sanjaju\u0107i Istru, Hr<\/span><\/p>\n<p><span lang=\"HR\">2009.<\/span>Galerija SINCICH, Vi\u0161njan, A.D.2009, Hr<\/p>\n<p><span lang=\"HR\">2009.<\/span>Crkva Sv.Ivana, Vi\u017einada, Skice za Ver\u0161e, Hr<\/p>\n<p><span lang=\"HR\">2009.<\/span>Galerija Zgor Murve, Funtana, Cirkus, Hr<\/p>\n<p><span lang=\"HR\">2007.<\/span><span lang=\"HR\">Likovni salon Vladimir Beci\u0107, Slavonski Brod, Enfer et Paradis<span class=\"apple-converted-space\"> , Hr<\/span><\/span><\/p>\n<p><span lang=\"HR\">2006.<\/span>Galerija CEKAO, Zagreb, Slike iz Ablona, Hr<\/p>\n<p><span lang=\"HR\">2002.<\/span><span lang=\"HR\">Galerija LUKA, Pula, Memento mundi, Hr<\/span><\/p>\n<p><span lang=\"HR\">2002.<\/span><span lang=\"HR\">Mala galerija, Pore\u010d, Trash Art, Hr<\/span><\/p>\n<p><span lang=\"HR\">2001.<\/span><span lang=\"HR\">Art studio Varzi\u0107<\/span>, Pore\u010d, Street Art, Hr<\/p>\n<p><span lang=\"HR\">2000.<\/span>Turisti\u010dki informativni centar, Pula, Kaos, Hr<\/p>\n<p><span lang=\"HR\">2000.<\/span>Galerija Zuccato, Pore\u010d, Kaos, Hr<\/p>\n<p><span lang=\"HR\">1999.<\/span><span lang=\"HR\">Galerija Maslina<\/span>, Pula, Kaos, Hr<\/p>\n<p><span lang=\"HR\">1999.<\/span><span lang=\"HR\">Kripta crkve Sv. Martina, Vrsar, Kaos, Hr<\/span><\/p>\n<p><span lang=\"HR\">1999.<\/span><span lang=\"HR\">Atelier Vinkova\u010dkih jeseni<span class=\"apple-converted-space\">, <\/span>Vinkovci, Kaos, Hr<\/span><\/p>\n<p><span lang=\"HR\">1999.<\/span><span lang=\"HR\">Galerija Matice Hrvatske, Slavonski Brod, Proces, Hr<\/span><\/p>\n<p><span lang=\"HR\">1998.<\/span>Galerija LG, Pazin, Proces, Hr<\/p>\n<p><span lang=\"HR\">1998.<\/span>Kripta crkve Sv. Martina<span class=\"apple-converted-space\">, <\/span>Vrsar, <span class=\"apple-converted-space\">Proces, Hr<\/span><\/p>\n<p><span lang=\"HR\">1997.<\/span>Kurhaus, Frankfurt ( Bad Homburg), <span lang=\"HR\">Proces, D<\/span><\/p>\n<p><span lang=\"HR\">1997.<\/span>Galerija Messing Ars, Samobor, Studentska, Hr<\/p>\n<p><span lang=\"HR\">1997.<\/span>Galerija Zgor murve, Funtana, Studentska, Hr<\/p>\n<p><span lang=\"HR\">1997.<\/span>Vojarna Borongaj ( sa Generali\u0107em ), Zagreb, Muka, Hr<\/p>\n<p><span lang=\"HR\">1994.<\/span><span lang=\"HR\">Coffe galerija Zagreb<\/span>, Slavonski Brod, Mjesec \u017eivota, Hr<\/p>\n<hr \/>\n<p><strong>Group exhibitions<\/strong><\/p>\n<p>2025.<\/p>\n<p>2. Trijenale portreta, Kninski muzej, Knin, Hr<\/p>\n<p>Mod Portrait 2024, Palau Gomis of Barcelona, \u0160panjolska<\/p>\n<p>Mod Portrait 2024, Auditorium in Arroyomolinos, \u0160panjolska<\/p>\n<p>ArteLibre in Blue and Red, Agrupacion Artistica Arogonesa, Zaragoza, Spain<\/p>\n<p>2023.<\/p>\n<p>Paint the figure now, Wausau museum of contemporary art, Wisconsin, USA<\/p>\n<p>7th Annual WFA Agency Exhibition, Pictor gallery, New York, USA<\/p>\n<p>56. Hercegnovski likovni salon, Herceg Novi, Crna Gora<\/p>\n<p>Algo que mas realismo, Sala artistica Aragonesa, Zaragoza, Spain<\/p>\n<p>Slovenia odprta za umetnost, Kosovelov dom, Se\u017eana, Slovenia<\/p>\n<p>Slovenia odprta za umetnost, Pavelhaus, Austria<\/p>\n<\/div>\n<div style=\"color: #696969;\">\n<div class=\"p2\">\n<div style=\"color: #696969;\">\n<p>2022.<\/p>\n<p>Art Zagreb, Akademija likovnih umjetnosti Zagreb, Fikcija i fakcija<\/p>\n<p>Trijenale portreta, Kninski muzej, Knin, Hr<\/p>\n<p>Mod Portrait 2021, MEAM, Barcelona, \u0160panjolska<\/p>\n<p>Mod Portrait 2021, Sala Bantierra de\u00a0Zaragoza, Zaragoza, \u0160panjolska<\/p>\n<p>2018.<\/p>\n<p>18. Trijenale slikarstva &#8211; Plavi salon, Narodni muzej Zadar, Zadar, Hr<\/p>\n<p>Algo que mas realismo, Sala artistica Aragonesa, Zaragoza, Spain<\/p>\n<p>Leave a trail, Galerija Zvonimir, Zagreb, Hrvatska<\/p>\n<p>Privatno i javno, XVI me\u0111unarodna izlo\u017eba, Trome\u0111a, BiH<\/p>\n<p>Svjetlost, Galerija Fonticus, Gro\u017enjan, Hr<\/p>\n<\/div>\n<div style=\"color: #696969;\">\n<div class=\"p2\">\n<p>Art Zagreb, Tehni\u010dki muzej, Zagreb, Hrvatska<\/p>\n<p>Svjetlost,\u00a0Charlama, Sarajevo, BiH<\/p>\n<p>8. Hrvatski triennale akvarela Galerija umjetnina grada Slavonskog Broda, Hr<\/p>\n<p>8. Hrvatski triennale akvarela Gradski muzej Karlovac, Hr<\/p>\n<p>8. Hrvatski triennale akvarela Muzej Mimara, Zagreb, Hr<\/p>\n<p>2017.<\/p>\n<p>4.bijenale slikarstva, Gradski muzej Vara\u017edin, Vara\u017edin, Hr<\/p>\n<p>4.bijenale slikarstva, Dom HDLU, Zagreb, Hrvatska<\/p>\n<p>4.trijenale autoportreta, Galerija Prica, Samobor, Hrvatska<\/p>\n<p>Home without borders,The Workshop of Dubai\/Ayala, Dubai, Hr<\/p>\n<p>2015.<\/p>\n<p>1st USEUM exhibition, Le dame gallery, London, UK<\/p>\n<\/div>\n<\/div>\n<p>2014.<\/p>\n<p>Linija krize ili kriza crte, Gro\u017enjan, Galerija Fonticus, Hr<\/p>\n<p>Druga\u010dijost, Galerija Fonticus Gro\u017enjan, Hr<\/p>\n<p>Druga\u010dijost, Galerija\u00a0Hram, Sarajevo, BiH<\/p>\n<p>BPC, Gallerija Miloti\u0107, Pula, Hr<\/p>\n<p>2013.<\/p>\n<p>Czech Republic, Ostrava, Galerija Chagall, Bijela Plava Crvena, CZ<\/p>\n<p>Slavonski Brod, Brodski likovni krug<\/p>\n<p>2012.<\/p>\n<p>Rab, Galerija Makek, izlo\u017eba likovne kolonije Paradiso, Hr<\/p>\n<p>Ston; Kne\u017eev dvor, izlo\u017eba likovne kolonije Matice Hrvatske, Hr<\/p>\n<p>\u010ce\u0161ka, Prag, Galerija 9, PeopleMetr, CZ<\/p>\n<p>Slovakia, Trnava, Max Galerija, Mala Sinagoga, Bijela Plava Crvena, SK<\/p>\n<p>Zagreb, Galerija Makek, Made in Croatia, Hr<\/p>\n<p>Poljska, Chezstosowie, Galerija Sztuki, PeopleMetr, PL<\/p>\n<p>Dubrovnik, Sveti Vlaho u suvremenoj umjetnosti, Galerija Sebastijan, Hr<\/p>\n<p>2011.<\/p>\n<p>Be\u010d, Phantastehmuseum, stalni postav &#8211; slika Eva, A<\/p>\n<p>PEOPLEMETR<\/p>\n<p>Prag, Galerie Zbraslav (Praha-Zbraslav), CZ<\/p>\n<p>Prag, Galerie 9 (Praha-Vyso\u010dany), CZ<\/p>\n<p>Trnava &#8211; Z\u00e1padoslovensk\u00e9 m\u00fazeum, SK<\/p>\n<p>Dunajsk\u00e1 Streda &#8211; \u017ditnoostrovsk\u00e9 m\u00fazeum, SK<\/p>\n<p>Ki\u00e1ll\u00edt\u00e1s a Soproni Egyetem m\u0171v\u00e9szeti tansz\u00e9k\u00e9n, Sopron, H<\/p>\n<p>Szlov\u00e1k Int\u00e9zet, Budapest<\/p>\n<p>Miejska Galeria Sztuki w Cz\u0119stochowi<\/p>\n<p>2010.<\/p>\n<p>Ston, Kne\u017eev dvor, izlo\u017eba likovne kolonije Ston<\/p>\n<p>Karlovac, 5. trienalle akvarela, Galerija Karas<\/p>\n<p>Slavonski Brod, 5. trienalle akvarela, Likovni salon Beci\u0107<\/p>\n<p>Zagreb, 5. trienalle akvarela,\u00a0Galerija Zvonimir<\/p>\n<p>2009.<\/p>\n<p>Cortona; Teatro Signorelli, Il gusto nel colore<\/p>\n<p>Samobor; Prvi trijenale autoprtrete<\/p>\n<p>Slavonski Brod; Likovni salon Beci\u0107; Akvarelisti\u010dka kolonija SAVA<\/p>\n<p>Pula; Godi\u0161nja izlo\u017eba HDLU<\/p>\n<p>2008.<\/p>\n<p>Idrija, Mestni muzej Idrija, Slovenia open to art<\/p>\n<p>Radovljica,Muzeji radovlji\u010dke ob\u010dine, Slovenia open to art<\/p>\n<p>Gospi\u0107, Muzej Like, Likovna Kolonija Velebit<\/p>\n<p>Pula, Godi\u0161nja revijalna izlo\u017eba HDLU<\/p>\n<p>2007.<\/p>\n<p>Pula, Galerija Luka, Print to Art<\/p>\n<p>Se\u017eana, Galerija Kosovelnoga doma, Slovenia open to art<\/p>\n<p>2006.<\/p>\n<p>Oprtalj, NOVA ISTARSKA UMJETNOST<\/p>\n<p>Pula, Revijalna izlko\u017eba HDLU Istre<\/p>\n<p>Pula, Galerja LUKA, Print to art<\/p>\n<p>Piran, Put u nepoznato<\/p>\n<p>Bergamo, Galeria municipale, Donna art<\/p>\n<p>2005.<\/p>\n<p>Motovun,Galerija Ka\u0161tel, NOVA ISTARSKA UMJETNOST<\/p>\n<p>Pula;Galerija CVAJNER; Dobrotvorna izlo\u017eba za Udrugu Snoopy<\/p>\n<p>Pula, Galerija LUKA, Put u nepoznato<\/p>\n<p>Udine ,Moggio Udinese; Il libro di artista<\/p>\n<p>2004.<\/p>\n<p>Split, Splitski Salon<\/p>\n<p>Pore\u010d, Hotel DIAMANT, humanitarna aukcija \u00a0ZA SIGURAN KORAK<\/p>\n<p>Pula; MMC LUKA Godi\u0161nja revijalna izlo\u017eba \u010dlanova HDLU Istre<\/p>\n<p>2001.<\/p>\n<p>Pore\u010d ; Galerija Zuccato, Mladi autori pore\u0161tine<\/p>\n<p>Snina (Slovakia) ; Galeria Miro, autori slikarskog plenera Snina<\/p>\n<p>Mihalovice (Slovakia) ; Zemaljski muzej, autori slikarskog plenera Snina<\/p>\n<p>2000.<\/p>\n<p>Ferarra ( Ro ) : Pastoreria, Grupa autora<\/p>\n<p>Oprtalj : Gradska dvorana, Grupa autora<\/p>\n<p>Pore\u010d : Galerija Zuccato, Mladi autori pore\u0161tine<\/p>\n<p>Pula : Revijalna izlo\u017eba HDLU<\/p>\n<p>Krapina : 2. Krapinski salon<\/p>\n<p>Pula : Galerija Neme\u0161<\/p>\n<p>Trieste : Barcolana, ex tempore<\/p>\n<p>Slavonski Brod : Galerija Matice hrvatske, Brodski slikari<\/p>\n<p>Piran : Obalne galerije<\/p>\n<p>Pore\u010d : Mala Galerija, 18. likovna kolonija Riviera<\/p>\n<p>1999.<\/p>\n<p>Piran : Obalne galerije<\/p>\n<p>Bale : Ka\u0161tel bembo<\/p>\n<p>1997.<\/p>\n<p>Sisak : Galerija Kristalne kocke vedrine<\/p>\n<p>Vrsar : hotel Belveder<\/p>\n<p>Mogliano Veneto ( Venezia )<\/p>\n<p>Pula : Galerija Vincent iz Kastva<\/p>\n<p>1996.<\/p>\n<p>Sisak : Gradska kavana<\/p>\n<p>Rijeka : prostor Korza, instalacuja PAPIR<\/p>\n<p>Petrinja : Galerija Krsto Hegedu\u0161i\u0107<\/p>\n<p>1995.<\/p>\n<p>Opatija : Galerija Juraj \u0160porer<\/p>\n<p>Galerija hotela Imperijal<\/p>\n<p>Knin : Crkva Sv. Barabare<\/p>\n<p>Trako\u0161\u0107an : Hotel Coning<\/p>\n<p>Zagreb : Austrijski kulturni institut<\/p>\n<p>Maribor : Pedago\u0161ki fakultet<\/p>\n<p>Rijeka : Mali salon, zavr\u0161na izlo\u017eba studenata<\/p>\n<p>1994.<\/p>\n<p>Split : Pinaktoteka Franjeva\u010dkog smostana<\/p>\n<p>Gospi\u0107 : Muzej Like<\/p>\n<p>Rijeka : Hrvatski kulturni dom<\/p>\n<p>Zagreb : Dom HDLU<\/p>\n<p>Stara Gradska vje\u0107nic<\/p>\n<p>Osijek : Muzej Slavonije<\/p>\n<p>Dubrovnik : Pala\u010da Sponza<\/p>\n<p>Pula : Dom Hrvatskih branitelja<\/p>\n<p>Rovinj : Muzej grada Rovinja<\/p>\n<p>Pazin : Spomen Dom<\/p>\n<p>Sisak : Muzej grada Siska<\/p>\n<p>\u0160iroki Brijeg : Galerija Franjeva\u010dkog samostana<\/p>\n<p>Mostar : Umjetni\u010dka gralerija Rondo<\/p>\n<p>1992.<\/p>\n<p>Rijeka: Art club HKD\u00a01993<\/p>\n<p>Samobor: Galerija Messing Ars<\/p>\n<p>Samoborski muzej<\/p>\n<p>Galerija Narodnog sveu\u010dili\u0161ta<\/p>\n<p>Zagreb : Galerija Zvonimir<\/p>\n<div class=\"p2\"><\/div>\n<\/div>\n<\/div>\n<\/div>\n","protected":false},"excerpt":{"rendered":"<p>Personal exhibitions 2025. Galerija Waldinger, Osijek, Ma de, Hr 2025. Galerija Gradskog kulturnog sredi\u0161ta, Metkovi\u0107, Ma de, Hr 2024. Galerija Vjekoslav Karas, Karlovac, Ma de, &hellip;<\/p>\n","protected":false},"author":1,"featured_media":0,"parent":1749,"menu_order":0,"comment_status":"closed","ping_status":"closed","template":"","meta":{"jetpack_post_was_ever_published":false,"footnotes":""},"class_list":["post-2130","page","type-page","status-publish","hentry"],"translation":{"provider":"WPGlobus","version":"3.0.2","language":"hr","enabled_languages":["en","hr"],"languages":{"en":{"title":true,"content":true,"excerpt":false},"hr":{"title":true,"content":true,"excerpt":false}}},"yoast_head":"<!-- This site is optimized with the Yoast SEO plugin v27.4 - https:\/\/yoast.com\/product\/yoast-seo-wordpress\/ -->\n<title>Izlo\u017ebe - Eugen Varzi\u0107<\/title>\n<meta name=\"robots\" content=\"index, follow, max-snippet:-1, max-image-preview:large, max-video-preview:-1\" \/>\n<link rel=\"canonical\" href=\"https:\/\/eugenvarzic.com\/zivotopis\/izlozbe\/\" \/>\n<meta property=\"og:locale\" content=\"hr_HR\" \/>\n<meta property=\"og:type\" content=\"article\" \/>\n<meta property=\"og:title\" content=\"Izlo\u017ebe - Eugen Varzi\u0107\" \/>\n<meta property=\"og:url\" content=\"https:\/\/eugenvarzic.com\/zivotopis\/izlozbe\/\" \/>\n<meta property=\"og:site_name\" content=\"Eugen Varzi\u0107\" \/>\n<meta property=\"article:publisher\" content=\"https:\/\/www.facebook.com\/eugen.varzic\/\" \/>\n<meta property=\"article:modified_time\" content=\"2025-09-21T07:11:50+00:00\" \/>\n<meta property=\"og:image\" content=\"https:\/\/eugenvarzic.com\/wp-content\/uploads\/2025\/02\/475979177_4852069231684115_4646300910609148417_n.jpg\" \/>\n\t<meta property=\"og:image:width\" content=\"961\" \/>\n\t<meta property=\"og:image:height\" content=\"961\" \/>\n\t<meta property=\"og:image:type\" content=\"image\/jpeg\" \/>\n<meta name=\"twitter:card\" content=\"summary_large_image\" \/>\n<meta name=\"twitter:site\" content=\"@eugenvarzic\" \/>\n<meta name=\"twitter:label1\" content=\"Est. reading time\" \/>\n\t<meta name=\"twitter:data1\" content=\"4 minutes\" \/>\n<script type=\"application\/ld+json\" class=\"yoast-schema-graph\">{\"@context\":\"https:\\\/\\\/schema.org\",\"@graph\":[{\"@type\":\"WebPage\",\"@id\":\"https:\\\/\\\/eugenvarzic.com\\\/zivotopis\\\/izlozbe\\\/\",\"url\":\"https:\\\/\\\/eugenvarzic.com\\\/zivotopis\\\/izlozbe\\\/\",\"name\":\"Izlo\u017ebe - Eugen Varzi\u0107\",\"isPartOf\":{\"@id\":\"https:\\\/\\\/eugenvarzic.com\\\/#website\"},\"datePublished\":\"2015-01-06T17:45:34+00:00\",\"dateModified\":\"2025-09-21T07:11:50+00:00\",\"breadcrumb\":{\"@id\":\"https:\\\/\\\/eugenvarzic.com\\\/zivotopis\\\/izlozbe\\\/#breadcrumb\"},\"inLanguage\":\"hr-HR\",\"potentialAction\":[{\"@type\":\"ReadAction\",\"target\":[\"https:\\\/\\\/eugenvarzic.com\\\/zivotopis\\\/izlozbe\\\/\"]}]},{\"@type\":\"BreadcrumbList\",\"@id\":\"https:\\\/\\\/eugenvarzic.com\\\/zivotopis\\\/izlozbe\\\/#breadcrumb\",\"itemListElement\":[{\"@type\":\"ListItem\",\"position\":1,\"name\":\"Po\u010detna stranica\",\"item\":\"https:\\\/\\\/eugenvarzic.com\\\/\"},{\"@type\":\"ListItem\",\"position\":2,\"name\":\"Meet the artist\",\"item\":\"https:\\\/\\\/eugenvarzic.com\\\/zivotopis\\\/\"},{\"@type\":\"ListItem\",\"position\":3,\"name\":\"Exhibitions\"}]},{\"@type\":\"WebSite\",\"@id\":\"https:\\\/\\\/eugenvarzic.com\\\/#website\",\"url\":\"https:\\\/\\\/eugenvarzic.com\\\/\",\"name\":\"Eugen Varzi\u0107\",\"description\":\"Contemporary figurative painter\",\"publisher\":{\"@id\":\"https:\\\/\\\/eugenvarzic.com\\\/#\\\/schema\\\/person\\\/1928e81eca9b9efd39fef3e26939d04c\"},\"alternateName\":\"Contemporary figurative painter\",\"potentialAction\":[{\"@type\":\"SearchAction\",\"target\":{\"@type\":\"EntryPoint\",\"urlTemplate\":\"https:\\\/\\\/eugenvarzic.com\\\/?s={search_term_string}\"},\"query-input\":{\"@type\":\"PropertyValueSpecification\",\"valueRequired\":true,\"valueName\":\"search_term_string\"}}],\"inLanguage\":\"hr-HR\"},{\"@type\":[\"Person\",\"Organization\"],\"@id\":\"https:\\\/\\\/eugenvarzic.com\\\/#\\\/schema\\\/person\\\/1928e81eca9b9efd39fef3e26939d04c\",\"name\":\"Eugen\",\"image\":{\"@type\":\"ImageObject\",\"inLanguage\":\"hr-HR\",\"@id\":\"https:\\\/\\\/eugenvarzic.com\\\/wp-content\\\/uploads\\\/2025\\\/02\\\/475979177_4852069231684115_4646300910609148417_n.jpg\",\"url\":\"https:\\\/\\\/eugenvarzic.com\\\/wp-content\\\/uploads\\\/2025\\\/02\\\/475979177_4852069231684115_4646300910609148417_n.jpg\",\"contentUrl\":\"https:\\\/\\\/eugenvarzic.com\\\/wp-content\\\/uploads\\\/2025\\\/02\\\/475979177_4852069231684115_4646300910609148417_n.jpg\",\"width\":961,\"height\":961,\"caption\":\"Eugen\"},\"logo\":{\"@id\":\"https:\\\/\\\/eugenvarzic.com\\\/wp-content\\\/uploads\\\/2025\\\/02\\\/475979177_4852069231684115_4646300910609148417_n.jpg\"},\"sameAs\":[\"https:\\\/\\\/eugenvarzic.com\\\/\",\"https:\\\/\\\/www.facebook.com\\\/eugen.varzic\\\/\",\"https:\\\/\\\/www.instagram.com\\\/eugenvarzic\\\/\",\"https:\\\/\\\/www.linkedin.com\\\/in\\\/eugen-varzi-680b9869\\\/?originalSubdomain=hr\",\"https:\\\/\\\/x.com\\\/eugenvarzic\"]}]}<\/script>\n<!-- \/ Yoast SEO plugin. -->","yoast_head_json":{"title":"Izlo\u017ebe - Eugen Varzi\u0107","robots":{"index":"index","follow":"follow","max-snippet":"max-snippet:-1","max-image-preview":"max-image-preview:large","max-video-preview":"max-video-preview:-1"},"canonical":"https:\/\/eugenvarzic.com\/zivotopis\/izlozbe\/","og_locale":"hr_HR","og_type":"article","og_title":"Izlo\u017ebe - Eugen Varzi\u0107","og_url":"https:\/\/eugenvarzic.com\/zivotopis\/izlozbe\/","og_site_name":"Eugen Varzi\u0107","article_publisher":"https:\/\/www.facebook.com\/eugen.varzic\/","article_modified_time":"2025-09-21T07:11:50+00:00","og_image":[{"width":961,"height":961,"url":"https:\/\/eugenvarzic.com\/wp-content\/uploads\/2025\/02\/475979177_4852069231684115_4646300910609148417_n.jpg","type":"image\/jpeg"}],"twitter_card":"summary_large_image","twitter_site":"@eugenvarzic","twitter_misc":{"Est. reading time":"4 minutes"},"schema":{"@context":"https:\/\/schema.org","@graph":[{"@type":"WebPage","@id":"https:\/\/eugenvarzic.com\/zivotopis\/izlozbe\/","url":"https:\/\/eugenvarzic.com\/zivotopis\/izlozbe\/","name":"Izlo\u017ebe - Eugen Varzi\u0107","isPartOf":{"@id":"https:\/\/eugenvarzic.com\/#website"},"datePublished":"2015-01-06T17:45:34+00:00","dateModified":"2025-09-21T07:11:50+00:00","breadcrumb":{"@id":"https:\/\/eugenvarzic.com\/zivotopis\/izlozbe\/#breadcrumb"},"inLanguage":"hr-HR","potentialAction":[{"@type":"ReadAction","target":["https:\/\/eugenvarzic.com\/zivotopis\/izlozbe\/"]}]},{"@type":"BreadcrumbList","@id":"https:\/\/eugenvarzic.com\/zivotopis\/izlozbe\/#breadcrumb","itemListElement":[{"@type":"ListItem","position":1,"name":"Po\u010detna stranica","item":"https:\/\/eugenvarzic.com\/"},{"@type":"ListItem","position":2,"name":"Meet the artist","item":"https:\/\/eugenvarzic.com\/zivotopis\/"},{"@type":"ListItem","position":3,"name":"Exhibitions"}]},{"@type":"WebSite","@id":"https:\/\/eugenvarzic.com\/#website","url":"https:\/\/eugenvarzic.com\/","name":"Eugen Varzi\u0107","description":"Contemporary figurative painter","publisher":{"@id":"https:\/\/eugenvarzic.com\/#\/schema\/person\/1928e81eca9b9efd39fef3e26939d04c"},"alternateName":"Contemporary figurative painter","potentialAction":[{"@type":"SearchAction","target":{"@type":"EntryPoint","urlTemplate":"https:\/\/eugenvarzic.com\/?s={search_term_string}"},"query-input":{"@type":"PropertyValueSpecification","valueRequired":true,"valueName":"search_term_string"}}],"inLanguage":"hr-HR"},{"@type":["Person","Organization"],"@id":"https:\/\/eugenvarzic.com\/#\/schema\/person\/1928e81eca9b9efd39fef3e26939d04c","name":"Eugen","image":{"@type":"ImageObject","inLanguage":"hr-HR","@id":"https:\/\/eugenvarzic.com\/wp-content\/uploads\/2025\/02\/475979177_4852069231684115_4646300910609148417_n.jpg","url":"https:\/\/eugenvarzic.com\/wp-content\/uploads\/2025\/02\/475979177_4852069231684115_4646300910609148417_n.jpg","contentUrl":"https:\/\/eugenvarzic.com\/wp-content\/uploads\/2025\/02\/475979177_4852069231684115_4646300910609148417_n.jpg","width":961,"height":961,"caption":"Eugen"},"logo":{"@id":"https:\/\/eugenvarzic.com\/wp-content\/uploads\/2025\/02\/475979177_4852069231684115_4646300910609148417_n.jpg"},"sameAs":["https:\/\/eugenvarzic.com\/","https:\/\/www.facebook.com\/eugen.varzic\/","https:\/\/www.instagram.com\/eugenvarzic\/","https:\/\/www.linkedin.com\/in\/eugen-varzi-680b9869\/?originalSubdomain=hr","https:\/\/x.com\/eugenvarzic"]}]}},"jetpack_sharing_enabled":true,"_links":{"self":[{"href":"https:\/\/eugenvarzic.com\/hr\/wp-json\/wp\/v2\/pages\/2130","targetHints":{"allow":["GET"]}}],"collection":[{"href":"https:\/\/eugenvarzic.com\/hr\/wp-json\/wp\/v2\/pages"}],"about":[{"href":"https:\/\/eugenvarzic.com\/hr\/wp-json\/wp\/v2\/types\/page"}],"author":[{"embeddable":true,"href":"https:\/\/eugenvarzic.com\/hr\/wp-json\/wp\/v2\/users\/1"}],"replies":[{"embeddable":true,"href":"https:\/\/eugenvarzic.com\/hr\/wp-json\/wp\/v2\/comments?post=2130"}],"version-history":[{"count":30,"href":"https:\/\/eugenvarzic.com\/hr\/wp-json\/wp\/v2\/pages\/2130\/revisions"}],"predecessor-version":[{"id":10289,"href":"https:\/\/eugenvarzic.com\/hr\/wp-json\/wp\/v2\/pages\/2130\/revisions\/10289"}],"up":[{"embeddable":true,"href":"https:\/\/eugenvarzic.com\/hr\/wp-json\/wp\/v2\/pages\/1749"}],"wp:attachment":[{"href":"https:\/\/eugenvarzic.com\/hr\/wp-json\/wp\/v2\/media?parent=2130"}],"curies":[{"name":"wp","href":"https:\/\/api.w.org\/{rel}","templated":true}]}}