{"id":1749,"date":"2014-12-26T15:09:18","date_gmt":"2014-12-26T15:09:18","guid":{"rendered":"https:\/\/eugenvarzic.com\/?page_id=1749"},"modified":"2025-02-07T12:29:59","modified_gmt":"2025-02-07T12:29:59","slug":"zivotopis","status":"publish","type":"page","link":"https:\/\/eugenvarzic.com\/hr\/zivotopis\/","title":{"rendered":"Upoznajte umjetnika"},"content":{"rendered":"\r\n<p class=\"has-text-align-justify\">Eugen Varzi\u0107 diplomirao je slikarstvo na Odsjeku za likovnu umjetnost Filozofskog fakulteta u Rijeci (dana\u0161nja Akademija primijenjenih umjetnosti) 1999. godine. Izlagao je na \u010detrdesetak samostalnih izlo\u017ebi i na vi\u0161e od stotinu kolektivnih u zemlji i inozemstvu. Vodio je nekoliko umjetni\u010dkih projekata i radio na me\u0111unarodnim umjetni\u010dkim projektima. Usavr\u0161avao se u umjetnosti u Madridu, u radionicama Eloya Moralesa i Antonija L\u00f3peza Garcie. Niz godina sudjeluje na dobrotvornim aukcijama slika. Povremeno se bavi dizajnom, kratkim filmovima, ilustracijom, te vodi likovne radionice i podu\u010dava budu\u0107e studente umjetni\u010dkih akademija. Na prvoj TEDxPula konferenciji u Istri odr\u017eao je predavanje pod nazivom Umjetnost kao disanje. Slobodni umjetnik, \u017eivi i radi u Istri, Hrvatskoj, EU.<\/p>\r\n\r\n\r\n\r\n<p>&nbsp;<\/p>\r\n","protected":false},"excerpt":{"rendered":"<p>Eugen Varzi\u0107 diplomirao je slikarstvo na Odsjeku za likovnu umjetnost Filozofskog fakulteta u Rijeci (dana\u0161nja Akademija primijenjenih umjetnosti) 1999. godine. Izlagao je na \u010detrdesetak samostalnih &hellip;<\/p>\n","protected":false},"author":1,"featured_media":10058,"parent":0,"menu_order":2,"comment_status":"closed","ping_status":"closed","template":"","meta":{"advanced_seo_description":"","jetpack_seo_html_title":"","jetpack_seo_noindex":false,"jetpack_post_was_ever_published":false,"footnotes":""},"class_list":["post-1749","page","type-page","status-publish","has-post-thumbnail","hentry"],"translation":{"provider":"WPGlobus","version":"3.0.2","language":"hr","enabled_languages":["en","hr"],"languages":{"en":{"title":true,"content":true,"excerpt":false},"hr":{"title":true,"content":true,"excerpt":false}}},"jetpack_sharing_enabled":true,"_links":{"self":[{"href":"https:\/\/eugenvarzic.com\/hr\/wp-json\/wp\/v2\/pages\/1749","targetHints":{"allow":["GET"]}}],"collection":[{"href":"https:\/\/eugenvarzic.com\/hr\/wp-json\/wp\/v2\/pages"}],"about":[{"href":"https:\/\/eugenvarzic.com\/hr\/wp-json\/wp\/v2\/types\/page"}],"author":[{"embeddable":true,"href":"https:\/\/eugenvarzic.com\/hr\/wp-json\/wp\/v2\/users\/1"}],"replies":[{"embeddable":true,"href":"https:\/\/eugenvarzic.com\/hr\/wp-json\/wp\/v2\/comments?post=1749"}],"version-history":[{"count":25,"href":"https:\/\/eugenvarzic.com\/hr\/wp-json\/wp\/v2\/pages\/1749\/revisions"}],"predecessor-version":[{"id":10060,"href":"https:\/\/eugenvarzic.com\/hr\/wp-json\/wp\/v2\/pages\/1749\/revisions\/10060"}],"wp:featuredmedia":[{"embeddable":true,"href":"https:\/\/eugenvarzic.com\/hr\/wp-json\/wp\/v2\/media\/10058"}],"wp:attachment":[{"href":"https:\/\/eugenvarzic.com\/hr\/wp-json\/wp\/v2\/media?parent=1749"}],"curies":[{"name":"wp","href":"https:\/\/api.w.org\/{rel}","templated":true}]}}